{"id":510,"date":"2019-03-06T08:02:47","date_gmt":"2019-03-06T08:02:47","guid":{"rendered":"http:\/\/son.webrt.net\/tomvangvn\/?page_id=510"},"modified":"2022-09-29T06:30:48","modified_gmt":"2022-09-29T06:30:48","slug":"lien-he","status":"publish","type":"page","link":"https:\/\/tomvangvn.vinastar.info\/?page_id=510","title":{"rendered":"Li\u00ean h\u1ec7"},"content":{"rendered":"\t<section class=\"section contact_lien_he\" id=\"section_1838277047\">\n\t\t<div class=\"bg section-bg fill bg-fill  bg-loaded\" >\n\n\t\t\t\n\t\t\t\n\t\t\t\n\n\t\t<\/div><!-- .section-bg -->\n\n\t\t<div class=\"section-content relative\">\n\t\t\t\n<div class=\"row\"  id=\"row-1845903552\">\n<div class=\"col left medium-7 small-12 large-7\"  ><div class=\"col-inner\"  >\n<div role=\"form\" class=\"wpcf7\" id=\"wpcf7-f10-o1\" lang=\"en-US\" dir=\"ltr\">\n<div class=\"screen-reader-response\"><\/div>\n<form action=\"\/index.php?rest_route=%2Fwp%2Fv2%2Fpages%2F510#wpcf7-f10-o1\" method=\"post\" class=\"wpcf7-form\" novalidate=\"novalidate\">\n<div style=\"display: none;\">\n<input type=\"hidden\" name=\"_wpcf7\" value=\"10\" \/>\n<input type=\"hidden\" name=\"_wpcf7_version\" value=\"5.1.4\" \/>\n<input type=\"hidden\" name=\"_wpcf7_locale\" value=\"en_US\" \/>\n<input type=\"hidden\" name=\"_wpcf7_unit_tag\" value=\"wpcf7-f10-o1\" \/>\n<input type=\"hidden\" name=\"_wpcf7_container_post\" value=\"0\" \/>\n<\/div>\n<h2>LI\u00caN H\u1ec6 CH\u00daNG T\u00d4I<\/h2>\n<div class=\"form_trang_lh\">\n<label> T\u00ean c\u1ee7a b\u1ea1n*<br \/>\n    <span class=\"wpcf7-form-control-wrap text-788\"><input type=\"text\" name=\"text-788\" value=\"\" size=\"40\" class=\"wpcf7-form-control wpcf7-text wpcf7-validates-as-required\" aria-required=\"true\" aria-invalid=\"false\" \/><\/span> <\/label><br \/>\n<label> H\u1ecd c\u1ee7a b\u1ea1n*<br \/>\n    <span class=\"wpcf7-form-control-wrap text-788\"><input type=\"text\" name=\"text-788\" value=\"\" size=\"40\" class=\"wpcf7-form-control wpcf7-text wpcf7-validates-as-required\" aria-required=\"true\" aria-invalid=\"false\" \/><\/span> <\/label><br \/>\n<label> \u0110\u1ecba ch\u1ec9 Email*<br \/>\n    <span class=\"wpcf7-form-control-wrap email-241\"><input type=\"email\" name=\"email-241\" value=\"\" size=\"40\" class=\"wpcf7-form-control wpcf7-text wpcf7-email wpcf7-validates-as-required wpcf7-validates-as-email\" aria-required=\"true\" aria-invalid=\"false\" \/><\/span><\/label><br \/>\n<label> S\u1ed1 \u0111i\u1ec7n tho\u1ea1i*<br \/>\n    <span class=\"wpcf7-form-control-wrap tel-380\"><input type=\"tel\" name=\"tel-380\" value=\"\" size=\"40\" class=\"wpcf7-form-control wpcf7-text wpcf7-tel wpcf7-validates-as-required wpcf7-validates-as-tel\" aria-required=\"true\" aria-invalid=\"false\" \/><\/span><\/label>\n<\/div>\n<p><label> T\u1ec9nh\/ Th\u00e0nh ph\u1ed1 *<br \/>\n    <span class=\"wpcf7-form-control-wrap menu-916\"><select name=\"menu-916\" class=\"wpcf7-form-control wpcf7-select wpcf7-validates-as-required\" aria-required=\"true\" aria-invalid=\"false\"><option value=\"Vui l\u00f2ng ch\u1ecdn\">Vui l\u00f2ng ch\u1ecdn<\/option><option value=\"An Giang\">An Giang<\/option><option value=\"B\u00e0 r\u1ecba \u2013 V\u0169ng t\u00e0u\">B\u00e0 r\u1ecba \u2013 V\u0169ng t\u00e0u<\/option><option value=\"B\u1eafc Giang\">B\u1eafc Giang<\/option><option value=\"B\u1eafc K\u1ea1n\">B\u1eafc K\u1ea1n<\/option><option value=\"B\u1ea1c Li\u00eau\">B\u1ea1c Li\u00eau<\/option><option value=\"B\u1eafc Ninh\">B\u1eafc Ninh<\/option><option value=\"B\u1ebfn Tre\">B\u1ebfn Tre<\/option><option value=\"B\u00ecnh \u0110\u1ecbnh\">B\u00ecnh \u0110\u1ecbnh<\/option><option value=\"B\u00ecnh D\u01b0\u01a1ng\">B\u00ecnh D\u01b0\u01a1ng<\/option><option value=\"B\u00ecnh Ph\u01b0\u1edbc\">B\u00ecnh Ph\u01b0\u1edbc<\/option><option value=\"B\u00ecnh Thu\u1eadn\">B\u00ecnh Thu\u1eadn<\/option><option value=\"C\u00e0 Mau\">C\u00e0 Mau<\/option><option value=\"C\u1ea7n Th\u01a1\">C\u1ea7n Th\u01a1<\/option><option value=\"Cao B\u1eb1ng\">Cao B\u1eb1ng<\/option><option value=\"\u0110\u00e0 N\u1eb5ng\">\u0110\u00e0 N\u1eb5ng<\/option><option value=\"\u0110\u1eafk L\u1eafk\">\u0110\u1eafk L\u1eafk<\/option><option value=\"\u0110\u1eafk N\u00f4ng\">\u0110\u1eafk N\u00f4ng<\/option><option value=\"\u0110i\u1ec7n Bi\u00ean\">\u0110i\u1ec7n Bi\u00ean<\/option><option value=\"\u0110\u1ed3ng Nai\">\u0110\u1ed3ng Nai<\/option><option value=\"\u0110\u1ed3ng Th\u00e1p\">\u0110\u1ed3ng Th\u00e1p<\/option><option value=\"Gia Lai\">Gia Lai<\/option><option value=\"H\u00e0 Giang\">H\u00e0 Giang<\/option><option value=\"H\u00e0 Nam\">H\u00e0 Nam<\/option><option value=\"H\u00e0 N\u1ed9i\">H\u00e0 N\u1ed9i<\/option><option value=\"H\u00e0 T\u0129nh\">H\u00e0 T\u0129nh<\/option><option value=\"H\u1ea3i D\u01b0\u01a1ng\">H\u1ea3i D\u01b0\u01a1ng<\/option><option value=\"H\u1ea3i Ph\u00f2ng\">H\u1ea3i Ph\u00f2ng<\/option><option value=\"H\u1eadu Giang\">H\u1eadu Giang<\/option><option value=\"H\u00f2a B\u00ecnh\">H\u00f2a B\u00ecnh<\/option><option value=\"H\u01b0ng Y\u00ean\">H\u01b0ng Y\u00ean<\/option><option value=\"Kh\u00e1nh H\u00f2a\">Kh\u00e1nh H\u00f2a<\/option><option value=\"Ki\u00ean Giang\">Ki\u00ean Giang<\/option><option value=\"Kon Tum\">Kon Tum<\/option><option value=\"Lai Ch\u00e2u\">Lai Ch\u00e2u<\/option><option value=\"L\u00e2m \u0110\u1ed3ng\">L\u00e2m \u0110\u1ed3ng<\/option><option value=\"L\u1ea1ng S\u01a1n\">L\u1ea1ng S\u01a1n<\/option><option value=\"L\u00e0o Cai\">L\u00e0o Cai<\/option><option value=\"Long An\">Long An<\/option><option value=\"Nam \u0110\u1ecbnh\">Nam \u0110\u1ecbnh<\/option><option value=\"Ngh\u1ec7 An\">Ngh\u1ec7 An<\/option><option value=\"Ninh B\u00ecnh\">Ninh B\u00ecnh<\/option><option value=\"Ninh Thu\u1eadn\">Ninh Thu\u1eadn<\/option><option value=\"Ph\u00fa Th\u1ecd\">Ph\u00fa Th\u1ecd<\/option><option value=\"Ph\u00fa Y\u00ean\">Ph\u00fa Y\u00ean<\/option><option value=\"Qu\u1ea3ng B\u00ecnh\">Qu\u1ea3ng B\u00ecnh<\/option><option value=\"Qu\u1ea3ng Nam\">Qu\u1ea3ng Nam<\/option><option value=\"Qu\u1ea3ng Ng\u00e3i\">Qu\u1ea3ng Ng\u00e3i<\/option><option value=\"Qu\u1ea3ng Ninh\">Qu\u1ea3ng Ninh<\/option><option value=\"Qu\u1ea3ng Tr\u1ecb\">Qu\u1ea3ng Tr\u1ecb<\/option><option value=\"S\u00f3c Tr\u0103ng\">S\u00f3c Tr\u0103ng<\/option><option value=\"S\u01a1n La\">S\u01a1n La<\/option><option value=\"T\u00e2y Ninh\">T\u00e2y Ninh<\/option><option value=\"Th\u00e1i B\u00ecnh\">Th\u00e1i B\u00ecnh<\/option><option value=\"Th\u00e1i Nguy\u00ean\">Th\u00e1i Nguy\u00ean<\/option><option value=\"Thanh H\u00f3a\">Thanh H\u00f3a<\/option><option value=\"Th\u1eeba Thi\u00ean Hu\u1ebf\">Th\u1eeba Thi\u00ean Hu\u1ebf<\/option><option value=\"Ti\u1ec1n Giang\">Ti\u1ec1n Giang<\/option><option value=\"Th\u00e0nh ph\u1ed1 H\u1ed3 Ch\u00ed Minh\">Th\u00e0nh ph\u1ed1 H\u1ed3 Ch\u00ed Minh<\/option><option value=\"Tr\u00e0 Vinh\">Tr\u00e0 Vinh<\/option><option value=\"Tuy\u00ean Quang\">Tuy\u00ean Quang<\/option><option value=\"V\u0129nh Long\">V\u0129nh Long<\/option><option value=\"V\u0129nh Ph\u00fac\">V\u0129nh Ph\u00fac<\/option><option value=\"Y\u00ean B\u00e1i\">Y\u00ean B\u00e1i<\/option><\/select><\/span><\/label><br \/>\n<label> Y\u00eau c\u1ea7u*<br \/>\n    <span class=\"wpcf7-form-control-wrap menu-684\"><select name=\"menu-684\" class=\"wpcf7-form-control wpcf7-select wpcf7-validates-as-required\" aria-required=\"true\" aria-invalid=\"false\"><option value=\"Vui l\u00f2ng ch\u1ecdn\">Vui l\u00f2ng ch\u1ecdn<\/option><option value=\"Y\u00eau c\u1ea7u 1\">Y\u00eau c\u1ea7u 1<\/option><option value=\"Y\u00eau c\u1ea7u 2\">Y\u00eau c\u1ea7u 2<\/option><option value=\"Y\u00eau c\u1ea7u 3\">Y\u00eau c\u1ea7u 3<\/option><option value=\"Y\u00eau c\u1ea7u 4\">Y\u00eau c\u1ea7u 4<\/option><option value=\"Y\u00eau c\u1ea7u 5\">Y\u00eau c\u1ea7u 5<\/option><\/select><\/span><\/label><br \/>\n<label> N\u1ed9i dung*<br \/>\n    <span class=\"wpcf7-form-control-wrap textarea-300\"><textarea name=\"textarea-300\" cols=\"40\" rows=\"10\" class=\"wpcf7-form-control wpcf7-textarea\" aria-invalid=\"false\"><\/textarea><\/span> <\/label><\/p>\n<p>Sensorex cam k\u1ebft b\u1ea3o v\u1ec7 v\u00e0 t\u00f4n tr\u1ecdng quy\u1ec1n ri\u00eang t\u01b0 c\u1ee7a b\u1ea1n v\u00e0 ch\u00fang t\u00f4i s\u1ebd ch\u1ec9 s\u1eed d\u1ee5ng th\u00f4ng tin c\u00e1 nh\u00e2n c\u1ee7a b\u1ea1n \u0111\u1ec3 qu\u1ea3n l\u00fd t\u00e0i kho\u1ea3n c\u1ee7a b\u1ea1n v\u00e0 cung c\u1ea5p c\u00e1c s\u1ea3n ph\u1ea9m v\u00e0 d\u1ecbch v\u1ee5 m\u00e0 b\u1ea1n y\u00eau c\u1ea7u t\u1eeb ch\u00fang t\u00f4i. \u0110\u00f4i khi, ch\u00fang t\u00f4i mu\u1ed1n li\u00ean h\u1ec7 v\u1edbi b\u1ea1n v\u1ec1 c\u00e1c s\u1ea3n ph\u1ea9m v\u00e0 d\u1ecbch v\u1ee5 c\u1ee7a ch\u00fang t\u00f4i, c\u0169ng nh\u01b0 c\u00e1c n\u1ed9i dung kh\u00e1c m\u00e0 b\u1ea1n c\u00f3 th\u1ec3 quan t\u00e2m. N\u1ebfu b\u1ea1n \u0111\u1ed3ng \u00fd cho ch\u00fang t\u00f4i li\u00ean h\u1ec7 v\u1edbi b\u1ea1n v\u00ec m\u1ee5c \u0111\u00edch n\u00e0y, vui l\u00f2ng \u0111\u00e1nh d\u1ea5u v\u00e0o b\u00ean d\u01b0\u1edbi \u0111\u1ec3 cho bi\u1ebft c\u00e1ch b\u1ea1n mu\u1ed1n ch\u00fang t\u00f4i li\u00ean h\u1ec7 v\u1edbi b\u1ea1n:<\/p>\n<p><span class=\"wpcf7-form-control-wrap checkbox-171\"><span class=\"wpcf7-form-control wpcf7-checkbox wpcf7-validates-as-required\"><span class=\"wpcf7-list-item first last\"><input type=\"checkbox\" name=\"checkbox-171[]\" value=\"T\u00f4i \u0111\u1ed3ng \u00fd nh\u1eadn Truy\u1ec1n th\u00f4ng Ti\u1ebfp th\u1ecb t\u1eeb Sensorex.\" \/><span class=\"wpcf7-list-item-label\">T\u00f4i \u0111\u1ed3ng \u00fd nh\u1eadn Truy\u1ec1n th\u00f4ng Ti\u1ebfp th\u1ecb t\u1eeb Sensorex.<\/span><\/span><\/span><\/span><\/p>\n<p>B\u1ea1n c\u00f3 th\u1ec3 h\u1ee7y \u0111\u0103ng k\u00fd nh\u1eadn nh\u1eefng th\u00f4ng b\u00e1o n\u00e0y b\u1ea5t c\u1ee9 l\u00fac n\u00e0o. \u0110\u1ec3 bi\u1ebft th\u00eam th\u00f4ng tin v\u1ec1 c\u00e1ch h\u1ee7y \u0111\u0103ng k\u00fd, th\u1ef1c ti\u1ec5n b\u1ea3o m\u1eadt c\u1ee7a ch\u00fang t\u00f4i v\u00e0 c\u00e1ch ch\u00fang t\u00f4i cam k\u1ebft b\u1ea3o v\u1ec7 v\u00e0 t\u00f4n tr\u1ecdng quy\u1ec1n ri\u00eang t\u01b0 c\u1ee7a b\u1ea1n, vui l\u00f2ng xem l\u1ea1i Ch\u00ednh s\u00e1ch quy\u1ec1n ri\u00eang t\u01b0 c\u1ee7a ch\u00fang t\u00f4i.<\/p>\n<p>B\u1eb1ng c\u00e1ch nh\u1ea5p v\u00e0o g\u1eedi b\u00ean d\u01b0\u1edbi, b\u1ea1n \u0111\u1ed3ng \u00fd cho ph\u00e9p Sensorex l\u01b0u tr\u1eef v\u00e0 x\u1eed l\u00fd th\u00f4ng tin c\u00e1 nh\u00e2n \u0111\u00e3 g\u1eedi \u1edf tr\u00ean \u0111\u1ec3 cung c\u1ea5p cho b\u1ea1n n\u1ed9i dung \u0111\u01b0\u1ee3c y\u00eau c\u1ea7u.<\/p>\n<p><input type=\"submit\" value=\"G\u1eedi \u0111i\" class=\"wpcf7-form-control wpcf7-submit\" \/><\/p>\n<div class=\"wpcf7-response-output wpcf7-display-none\"><\/div><\/form><\/div>\n<\/div><\/div>\n<div class=\"col right medium-5 small-12 large-5\"  ><div class=\"col-inner\"  >\n<h2><span style=\"color: #000000;\"><strong>TH\u00d4NG TIN LI\u00caN H\u1ec6<\/strong><\/span><\/h2>\n<p><span style=\"color: #000000;\">11751 Markon Drive Garden Grove, CA 92841 USA<\/span><\/p>\n<p><span style=\"color: #000000;\">Hotline: +1 (714) 895-4344<\/span><\/p>\n<p><span style=\"color: #000000;\">Email: tomvangvn@gmail.com<\/span><\/p>\n<p><span style=\"color: #000000;\">Website: tomvangvn.com<\/span><\/p>\n<div class=\"is-divider divider clearfix\" style=\"margin-top:70px;margin-bottom:70px;max-width:100%;height:1px;background-color:rgb(255, 255, 255);\"><\/div><!-- .divider -->\n\t<div class=\"box has-hover has-hover box-vertical box-text-bottom\" >\n\n\t\t<div class=\"box-image\" style=\"width:8%;\">\n\t\t\t\t\t\t<div class=\"\" >\n\t\t\t\t<img width=\"28\" height=\"35\" src=\"https:\/\/tomvangvn.vinastar.info\/wp-content\/uploads\/2022\/09\/germany-flag.png\" class=\"attachment- size-\" alt=\"\" loading=\"lazy\" \/>\t\t\t\t\t\t\t\t\t\t\t<\/div>\n\t\t\t\t\t<\/div><!-- box-image -->\n\n\t\t<div class=\"box-text text-left\" >\n\t\t\t<div class=\"box-text-inner\">\n\t\t\t\t\n<p><a href=\"#\">+1 (714) 895-4344<\/a><\/p>\n\t\t\t<\/div><!-- box-text-inner -->\n\t\t<\/div><!-- box-text -->\n\t<\/div><!-- .box  -->\n\t\n\t<div class=\"box has-hover has-hover box-vertical box-text-bottom\" >\n\n\t\t<div class=\"box-image\" style=\"width:8%;\">\n\t\t\t\t\t\t<div class=\"\" >\n\t\t\t\t<img width=\"28\" height=\"28\" src=\"https:\/\/tomvangvn.vinastar.info\/wp-content\/uploads\/2022\/09\/mexico-flag.png\" class=\"attachment- size-\" alt=\"\" loading=\"lazy\" \/>\t\t\t\t\t\t\t\t\t\t\t<\/div>\n\t\t\t\t\t<\/div><!-- box-image -->\n\n\t\t<div class=\"box-text text-left\" >\n\t\t\t<div class=\"box-text-inner\">\n\t\t\t\t\n<p><a href=\"#\">+1 (714) 895-4344<\/a><\/p>\n\t\t\t<\/div><!-- box-text-inner -->\n\t\t<\/div><!-- box-text -->\n\t<\/div><!-- .box  -->\n\t\n\t<div class=\"box has-hover has-hover box-vertical box-text-bottom\" >\n\n\t\t<div class=\"box-image\" style=\"width:8%;\">\n\t\t\t\t\t\t<div class=\"\" >\n\t\t\t\t<img width=\"28\" height=\"28\" src=\"https:\/\/tomvangvn.vinastar.info\/wp-content\/uploads\/2022\/09\/czech-flag.png\" class=\"attachment- size-\" alt=\"\" loading=\"lazy\" \/>\t\t\t\t\t\t\t\t\t\t\t<\/div>\n\t\t\t\t\t<\/div><!-- box-image -->\n\n\t\t<div class=\"box-text text-left\" >\n\t\t\t<div class=\"box-text-inner\">\n\t\t\t\t\n<p><a href=\"#\">+1 (714) 895-4344<\/a><\/p>\n\t\t\t<\/div><!-- box-text-inner -->\n\t\t<\/div><!-- box-text -->\n\t<\/div><!-- .box  -->\n\t\n<div class=\"is-divider divider clearfix\" style=\"margin-top:70px;margin-bottom:70px;max-width:100%;height:1px;background-color:rgb(255, 255, 255);\"><\/div><!-- .divider -->\n \n    <div class=\"block__element_head\">\n    <p class=\"text_head\"><\/p>\n    <h2 class=\"heading\"><span>Sensorex Social<\/span><\/h2>\n    \n   \n    <\/div>\n\n<div class=\"social-icons follow-icons \" ><a href=\"#\" target=\"_blank\" data-label=\"Facebook\"  rel=\"noopener noreferrer nofollow\" class=\"icon button circle is-outline facebook tooltip\" title=\"Follow on Facebook\"><i class=\"icon-facebook\" ><\/i><\/a><a href=\"#\" target=\"_blank\" rel=\"noopener noreferrer nofollow\" data-label=\"Instagram\" class=\"icon button circle is-outline  instagram tooltip\" title=\"Follow on Instagram\"><i class=\"icon-instagram\" ><\/i><\/a><a href=\"#\" target=\"_blank\" rel=\"noopener noreferrer nofollow\"  data-label=\"Google+\"  class=\"icon button circle is-outline  google-plus tooltip\" title=\"Follow on Google+\"><i class=\"icon-google-plus\" ><\/i><\/a><a href=\"#\" target=\"_blank\" rel=\"noopener noreferrer nofollow\" data-label=\"YouTube\" class=\"icon button circle is-outline  youtube tooltip\" title=\"Follow on YouTube\"><i class=\"icon-youtube\" ><\/i><\/a><\/div>\n<\/div><\/div>\n<\/div>\n\t\t<\/div><!-- .section-content -->\n\n\t\t\n<style scope=\"scope\">\n\n#section_1838277047 {\n  padding-top: 200px;\n  padding-bottom: 200px;\n}\n<\/style>\n\t<\/section>\n\t\n\t<section class=\"section\" id=\"section_1621974648\">\n\t\t<div class=\"bg section-bg fill bg-fill  bg-loaded\" >\n\n\t\t\t\n\t\t\t\n\t\t\t\n\n\t\t<\/div><!-- .section-bg -->\n\n\t\t<div class=\"section-content relative\">\n\t\t\t\n<p><iframe loading=\"lazy\" style=\"border: 0;\" src=\"https:\/\/www.google.com\/maps\/embed?pb=!1m18!1m12!1m3!1d3315.7768009606802!2d-118.01064198442218!3d33.7922615388324!2m3!1f0!2f0!3f0!3m2!1i1024!2i768!4f13.1!3m3!1m2!1s0x80dd28d0ca14ad89%3A0xc5f3d9ac3ea6046!2s11751%20Markon%20Dr%2C%20Garden%20Grove%2C%20CA%2092841%2C%20Hoa%20K%E1%BB%B3!5e0!3m2!1svi!2s!4v1664173290156!5m2!1svi!2s\" width=\"100%\" height=\"450\" allowfullscreen=\"allowfullscreen\"><\/iframe><\/p>\n\t\t<\/div><!-- .section-content -->\n\n\t\t\n<style scope=\"scope\">\n\n#section_1621974648 {\n  padding-top: 30px;\n  padding-bottom: 30px;\n}\n<\/style>\n\t<\/section>\n\t\n\t<section class=\"section section_05\" id=\"section_1010094157\">\n\t\t<div class=\"bg section-bg fill bg-fill  bg-loaded\" >\n\n\t\t\t\n\t\t\t\n\t\t\t\n\n\t\t<\/div><!-- .section-bg -->\n\n\t\t<div class=\"section-content relative\">\n\t\t\t\n<div class=\"row\"  id=\"row-532872629\">\n<div class=\"col medium-6 small-12 large-6\"  ><div class=\"col-inner\"  >\n\t<div class=\"box has-hover has-hover box-text-bottom\" >\n\n\t\t<div class=\"box-image\" >\n\t\t\t\t\t\t<div class=\"image-zoom\" >\n\t\t\t\t<img width=\"585\" height=\"250\" src=\"https:\/\/tomvangvn.vinastar.info\/wp-content\/uploads\/2022\/09\/IMAGE-5.png\" class=\"attachment- size-\" alt=\"\" loading=\"lazy\" \/>\t\t\t\t\t\t\t\t\t\t\t<\/div>\n\t\t\t\t\t<\/div><!-- box-image -->\n\n\t\t<div class=\"box-text text-left\" >\n\t\t\t<div class=\"box-text-inner\">\n\t\t\t\t\n \n    <div class=\"block__element_head\">\n    <p class=\"text_head\">H\u1ed7 tr\u1ee3 kh\u00e1ch h\u00e0ng<\/p>\n    <h2 class=\"heading\"><span>H\u1ed7 tr\u1ee3 &amp; C\u00e2u h\u1ecfi th\u01b0\u1eddng g\u1eb7p<\/span><\/h2>\n    \n   \n    <\/div>\n\n<p>V\u1edbi h\u01a1n 50 n\u0103m kinh nghi\u1ec7m, ch\u00fang t\u00f4i \u0111\u00e3 h\u1ecdc \u0111\u01b0\u1ee3c kh\u00e1 nhi\u1ec1u \u0111i\u1ec1u. B\u1ea1n s\u1ebd t\u00ecm th\u1ea5y c\u00e2u tr\u1ea3 l\u1eddi cho nhi\u1ec1u c\u00e2u h\u1ecfi ph\u1ed5 bi\u1ebfn \u1edf \u0111\u00e2y. N\u1ebfu b\u1ea1n kh\u00f4ng t\u00ecm th\u1ea5y c\u00e2u tr\u1ea3 l\u1eddi m\u00e0 b\u1ea1n \u0111ang t\u00ecm ki\u1ebfm, h\u00e3y g\u1ecdi ho\u1eb7c g\u1eedi email cho ch\u00fang t\u00f4i v\u00e0 ch\u00fang t\u00f4i s\u1ebd li\u00ean h\u1ec7 l\u1ea1i ngay khi c\u00f3 th\u1ec3.<\/p>\n<a href=\"#\" target=\"_self\" class=\"button primary\"  style=\"border-radius:99px;\">\n    <span>Xem chi ti\u1ebft<\/span>\n  <\/a>\n\n\t\t\t<\/div><!-- box-text-inner -->\n\t\t<\/div><!-- box-text -->\n\t<\/div><!-- .box  -->\n\t\n<\/div><\/div>\n<div class=\"col medium-6 small-12 large-6\"  ><div class=\"col-inner\"  >\n\t<div class=\"box has-hover has-hover box-text-bottom\" >\n\n\t\t<div class=\"box-image\" >\n\t\t\t\t\t\t<div class=\"image-zoom\" >\n\t\t\t\t<img width=\"585\" height=\"250\" src=\"https:\/\/tomvangvn.vinastar.info\/wp-content\/uploads\/2022\/09\/IMAGE-6.png\" class=\"attachment- size-\" alt=\"\" loading=\"lazy\" \/>\t\t\t\t\t\t\t\t\t\t\t<\/div>\n\t\t\t\t\t<\/div><!-- box-image -->\n\n\t\t<div class=\"box-text text-left\" >\n\t\t\t<div class=\"box-text-inner\">\n\t\t\t\t\n \n    <div class=\"block__element_head\">\n    <p class=\"text_head\">ki\u1ebfn th\u1ee9c c\u00f4ng ngh\u1ec7<\/p>\n    <h2 class=\"heading\"><span>T\u00e0i li\u1ec7u h\u1ed7 tr\u1ee3<\/span><\/h2>\n    \n   \n    <\/div>\n\n<p>V\u1edbi h\u01a1n 50 n\u0103m kinh nghi\u1ec7m, ch\u00fang t\u00f4i \u0111\u00e3 h\u1ecdc \u0111\u01b0\u1ee3c kh\u00e1 nhi\u1ec1u \u0111i\u1ec1u. B\u1ea1n s\u1ebd t\u00ecm th\u1ea5y c\u00e2u tr\u1ea3 l\u1eddi cho nhi\u1ec1u c\u00e2u h\u1ecfi ph\u1ed5 bi\u1ebfn \u1edf \u0111\u00e2y. N\u1ebfu b\u1ea1n kh\u00f4ng t\u00ecm th\u1ea5y c\u00e2u tr\u1ea3 l\u1eddi m\u00e0 b\u1ea1n \u0111ang t\u00ecm ki\u1ebfm, h\u00e3y g\u1ecdi ho\u1eb7c g\u1eedi email cho ch\u00fang t\u00f4i v\u00e0 ch\u00fang t\u00f4i s\u1ebd li\u00ean h\u1ec7 l\u1ea1i ngay khi c\u00f3 th\u1ec3.<\/p>\n<a href=\"#\" target=\"_self\" class=\"button primary\"  style=\"border-radius:99px;\">\n    <span>Xem chi ti\u1ebft<\/span>\n  <\/a>\n\n\t\t\t<\/div><!-- box-text-inner -->\n\t\t<\/div><!-- box-text -->\n\t<\/div><!-- .box  -->\n\t\n<\/div><\/div>\n<\/div>\n\t\t<\/div><!-- .section-content -->\n\n\t\t\n<style scope=\"scope\">\n\n#section_1010094157 {\n  padding-top: 65px;\n  padding-bottom: 65px;\n  background-color: rgb(255, 255, 255);\n}\n<\/style>\n\t<\/section>\n\t\n","protected":false},"excerpt":{"rendered":"","protected":false},"author":1,"featured_media":0,"parent":0,"menu_order":0,"comment_status":"closed","ping_status":"closed","template":"page-blank.php","meta":[],"_links":{"self":[{"href":"https:\/\/tomvangvn.vinastar.info\/index.php?rest_route=\/wp\/v2\/pages\/510"}],"collection":[{"href":"https:\/\/tomvangvn.vinastar.info\/index.php?rest_route=\/wp\/v2\/pages"}],"about":[{"href":"https:\/\/tomvangvn.vinastar.info\/index.php?rest_route=\/wp\/v2\/types\/page"}],"author":[{"embeddable":true,"href":"https:\/\/tomvangvn.vinastar.info\/index.php?rest_route=\/wp\/v2\/users\/1"}],"replies":[{"embeddable":true,"href":"https:\/\/tomvangvn.vinastar.info\/index.php?rest_route=%2Fwp%2Fv2%2Fcomments&post=510"}],"version-history":[{"count":17,"href":"https:\/\/tomvangvn.vinastar.info\/index.php?rest_route=\/wp\/v2\/pages\/510\/revisions"}],"predecessor-version":[{"id":1337,"href":"https:\/\/tomvangvn.vinastar.info\/index.php?rest_route=\/wp\/v2\/pages\/510\/revisions\/1337"}],"wp:attachment":[{"href":"https:\/\/tomvangvn.vinastar.info\/index.php?rest_route=%2Fwp%2Fv2%2Fmedia&parent=510"}],"curies":[{"name":"wp","href":"https:\/\/api.w.org\/{rel}","templated":true}]}}